{"id":8,"date":"2019-12-17T09:01:46","date_gmt":"2019-12-17T12:01:46","guid":{"rendered":"http:\/\/sanguefrioproducoes.com\/wordpress\/?page_id=8"},"modified":"2020-05-14T16:38:17","modified_gmt":"2020-05-14T19:38:17","slug":"contato","status":"publish","type":"page","link":"https:\/\/sanguefrioproducoes.com\/wordpress\/contato\/","title":{"rendered":"Contato"},"content":{"rendered":"\r\n<h3>\u00a0<\/h3>\r\n<h3 style=\"text-align: center;\"><small>ENTRE EM CONTATO CONOSCO<\/small><\/h3>\r\n<p>&nbsp;<\/p>\r\n<p style=\"text-align: center;\">\n<div class=\"wpcf7 no-js\" id=\"wpcf7-f463-o1\" lang=\"pt-BR\" dir=\"ltr\">\n<div class=\"screen-reader-response\"><p role=\"status\" aria-live=\"polite\" aria-atomic=\"true\"><\/p> <ul><\/ul><\/div>\n<form action=\"\/wordpress\/wp-json\/wp\/v2\/pages\/8#wpcf7-f463-o1\" method=\"post\" class=\"wpcf7-form init\" aria-label=\"Formul\u00e1rios de contato\" novalidate=\"novalidate\" data-status=\"init\">\n<div style=\"display: none;\">\n<input type=\"hidden\" name=\"_wpcf7\" value=\"463\" \/>\n<input type=\"hidden\" name=\"_wpcf7_version\" value=\"5.7.4\" \/>\n<input type=\"hidden\" name=\"_wpcf7_locale\" value=\"pt_BR\" \/>\n<input type=\"hidden\" name=\"_wpcf7_unit_tag\" value=\"wpcf7-f463-o1\" \/>\n<input type=\"hidden\" name=\"_wpcf7_container_post\" value=\"0\" \/>\n<input type=\"hidden\" name=\"_wpcf7_posted_data_hash\" value=\"\" \/>\n<\/div>\n<p><label> Nome (obrigatorio)<br \/>\n<span class=\"wpcf7-form-control-wrap\" data-name=\"your-name\"><input size=\"40\" class=\"wpcf7-form-control wpcf7-text wpcf7-validates-as-required\" aria-required=\"true\" aria-invalid=\"false\" value=\"\" type=\"text\" name=\"your-name\" \/><\/span> <\/label>\n<\/p>\n<p><label> E-mail (obrigatorio)<br \/>\n<span class=\"wpcf7-form-control-wrap\" data-name=\"your-email\"><input size=\"40\" class=\"wpcf7-form-control wpcf7-text wpcf7-email wpcf7-validates-as-required wpcf7-validates-as-email\" aria-required=\"true\" aria-invalid=\"false\" value=\"\" type=\"email\" name=\"your-email\" \/><\/span> <\/label>\n<\/p>\n<p><label> Assunto<br \/>\n<span class=\"wpcf7-form-control-wrap\" data-name=\"your-subject\"><input size=\"40\" class=\"wpcf7-form-control wpcf7-text\" aria-invalid=\"false\" value=\"\" type=\"text\" name=\"your-subject\" \/><\/span> <\/label>\n<\/p>\n<p><label> Mensagem<br \/>\n<span class=\"wpcf7-form-control-wrap\" data-name=\"your-message\"><textarea cols=\"40\" rows=\"10\" class=\"wpcf7-form-control wpcf7-textarea\" aria-invalid=\"false\" name=\"your-message\"><\/textarea><\/span> <\/label>\n<\/p>\n<p><input class=\"wpcf7-form-control has-spinner wpcf7-submit\" type=\"submit\" value=\"ENVIAR\" \/>\n<\/p><p style=\"display: none !important;\" class=\"akismet-fields-container\" data-prefix=\"_wpcf7_ak_\"><label>&#916;<textarea name=\"_wpcf7_ak_hp_textarea\" cols=\"45\" rows=\"8\" maxlength=\"100\"><\/textarea><\/label><input type=\"hidden\" id=\"ak_js_1\" name=\"_wpcf7_ak_js\" value=\"135\"\/><script>document.getElementById( \"ak_js_1\" ).setAttribute( \"value\", ( new Date() ).getTime() );<\/script><\/p><div class=\"wpcf7-response-output\" aria-hidden=\"true\"><\/div>\n<\/form>\n<\/div>\n<\/p>\r\n<p>&nbsp;<\/p>\r\n<p style=\"padding-left: 40px;\"><strong>Endere\u00e7o:<\/strong> Rua da Sanepar, 560<br \/><strong>Bairro:<\/strong> Nova Petr\u00f3polis<br \/><strong>Cidade:<\/strong> Francisco Beltr\u00e3o\/Paran\u00e1<br \/><strong>CEP<\/strong> 85601-816<br \/><strong>Telefone:<\/strong> (46) 8838-7204 (WhatsApp)<\/p>\r\n","protected":false},"excerpt":{"rendered":"<p>\u00a0 ENTRE EM CONTATO CONOSCO &nbsp; &nbsp; Endere\u00e7o: Rua da Sanepar, 560Bairro: Nova Petr\u00f3polisCidade: Francisco Beltr\u00e3o\/Paran\u00e1CEP 85601-816Telefone: (46) 8838-7204 (WhatsApp)<\/p>\n","protected":false},"author":1,"featured_media":0,"parent":0,"menu_order":0,"comment_status":"closed","ping_status":"closed","template":"","meta":{"footnotes":""},"class_list":["post-8","page","type-page","status-publish","hentry"],"yoast_head":"<!-- This site is optimized with the Yoast SEO plugin v23.7 - https:\/\/yoast.com\/wordpress\/plugins\/seo\/ -->\n<title>Contato - Sangue Frio Produ\u00e7\u00f5es<\/title>\n<meta name=\"robots\" content=\"index, follow, max-snippet:-1, max-image-preview:large, max-video-preview:-1\" \/>\n<link rel=\"canonical\" href=\"https:\/\/sanguefrioproducoes.com\/wordpress\/contato\/\" \/>\n<meta property=\"og:locale\" content=\"pt_BR\" \/>\n<meta property=\"og:type\" content=\"article\" \/>\n<meta property=\"og:title\" content=\"Contato - Sangue Frio Produ\u00e7\u00f5es\" \/>\n<meta property=\"og:description\" content=\"\u00a0 ENTRE EM CONTATO CONOSCO &nbsp; &nbsp; Endere\u00e7o: Rua da Sanepar, 560Bairro: Nova Petr\u00f3polisCidade: Francisco Beltr\u00e3o\/Paran\u00e1CEP 85601-816Telefone: (46) 8838-7204 (WhatsApp)\" \/>\n<meta property=\"og:url\" content=\"https:\/\/sanguefrioproducoes.com\/wordpress\/contato\/\" \/>\n<meta property=\"og:site_name\" content=\"Sangue Frio Produ\u00e7\u00f5es\" \/>\n<meta property=\"article:modified_time\" content=\"2020-05-14T19:38:17+00:00\" \/>\n<meta name=\"twitter:card\" content=\"summary_large_image\" \/>\n<script type=\"application\/ld+json\" class=\"yoast-schema-graph\">{\"@context\":\"https:\/\/schema.org\",\"@graph\":[{\"@type\":\"WebPage\",\"@id\":\"https:\/\/sanguefrioproducoes.com\/wordpress\/contato\/\",\"url\":\"https:\/\/sanguefrioproducoes.com\/wordpress\/contato\/\",\"name\":\"Contato - Sangue Frio Produ\u00e7\u00f5es\",\"isPartOf\":{\"@id\":\"https:\/\/sanguefrioproducoes.com\/wordpress\/#website\"},\"datePublished\":\"2019-12-17T12:01:46+00:00\",\"dateModified\":\"2020-05-14T19:38:17+00:00\",\"breadcrumb\":{\"@id\":\"https:\/\/sanguefrioproducoes.com\/wordpress\/contato\/#breadcrumb\"},\"inLanguage\":\"pt-BR\",\"potentialAction\":[{\"@type\":\"ReadAction\",\"target\":[\"https:\/\/sanguefrioproducoes.com\/wordpress\/contato\/\"]}]},{\"@type\":\"BreadcrumbList\",\"@id\":\"https:\/\/sanguefrioproducoes.com\/wordpress\/contato\/#breadcrumb\",\"itemListElement\":[{\"@type\":\"ListItem\",\"position\":1,\"name\":\"Home\",\"item\":\"https:\/\/sanguefrioproducoes.com\/wordpress\/\"},{\"@type\":\"ListItem\",\"position\":2,\"name\":\"Contato\"}]},{\"@type\":\"WebSite\",\"@id\":\"https:\/\/sanguefrioproducoes.com\/wordpress\/#website\",\"url\":\"https:\/\/sanguefrioproducoes.com\/wordpress\/\",\"name\":\"Sangue Frio Produ\u00e7\u00f5es\",\"description\":\"Empresa de marketing, assessoria de imprensa e rela\u00e7\u00f5es p\u00fablicas\",\"publisher\":{\"@id\":\"https:\/\/sanguefrioproducoes.com\/wordpress\/#organization\"},\"potentialAction\":[{\"@type\":\"SearchAction\",\"target\":{\"@type\":\"EntryPoint\",\"urlTemplate\":\"https:\/\/sanguefrioproducoes.com\/wordpress\/?s={search_term_string}\"},\"query-input\":{\"@type\":\"PropertyValueSpecification\",\"valueRequired\":true,\"valueName\":\"search_term_string\"}}],\"inLanguage\":\"pt-BR\"},{\"@type\":\"Organization\",\"@id\":\"https:\/\/sanguefrioproducoes.com\/wordpress\/#organization\",\"name\":\"Sangue Frio Produ\u00e7\u00f5es\",\"url\":\"https:\/\/sanguefrioproducoes.com\/wordpress\/\",\"logo\":{\"@type\":\"ImageObject\",\"inLanguage\":\"pt-BR\",\"@id\":\"https:\/\/sanguefrioproducoes.com\/wordpress\/#\/schema\/logo\/image\/\",\"url\":\"https:\/\/sanguefrioproducoes.com\/wordpress\/wp-content\/uploads\/2019\/12\/SANGUE_FRIO_PRODUCOES_Logo_Preto_Sem_Fundo.png\",\"contentUrl\":\"https:\/\/sanguefrioproducoes.com\/wordpress\/wp-content\/uploads\/2019\/12\/SANGUE_FRIO_PRODUCOES_Logo_Preto_Sem_Fundo.png\",\"width\":2096,\"height\":552,\"caption\":\"Sangue Frio Produ\u00e7\u00f5es\"},\"image\":{\"@id\":\"https:\/\/sanguefrioproducoes.com\/wordpress\/#\/schema\/logo\/image\/\"}}]}<\/script>\n<!-- \/ Yoast SEO plugin. -->","yoast_head_json":{"title":"Contato - Sangue Frio Produ\u00e7\u00f5es","robots":{"index":"index","follow":"follow","max-snippet":"max-snippet:-1","max-image-preview":"max-image-preview:large","max-video-preview":"max-video-preview:-1"},"canonical":"https:\/\/sanguefrioproducoes.com\/wordpress\/contato\/","og_locale":"pt_BR","og_type":"article","og_title":"Contato - Sangue Frio Produ\u00e7\u00f5es","og_description":"\u00a0 ENTRE EM CONTATO CONOSCO &nbsp; &nbsp; Endere\u00e7o: Rua da Sanepar, 560Bairro: Nova Petr\u00f3polisCidade: Francisco Beltr\u00e3o\/Paran\u00e1CEP 85601-816Telefone: (46) 8838-7204 (WhatsApp)","og_url":"https:\/\/sanguefrioproducoes.com\/wordpress\/contato\/","og_site_name":"Sangue Frio Produ\u00e7\u00f5es","article_modified_time":"2020-05-14T19:38:17+00:00","twitter_card":"summary_large_image","schema":{"@context":"https:\/\/schema.org","@graph":[{"@type":"WebPage","@id":"https:\/\/sanguefrioproducoes.com\/wordpress\/contato\/","url":"https:\/\/sanguefrioproducoes.com\/wordpress\/contato\/","name":"Contato - Sangue Frio Produ\u00e7\u00f5es","isPartOf":{"@id":"https:\/\/sanguefrioproducoes.com\/wordpress\/#website"},"datePublished":"2019-12-17T12:01:46+00:00","dateModified":"2020-05-14T19:38:17+00:00","breadcrumb":{"@id":"https:\/\/sanguefrioproducoes.com\/wordpress\/contato\/#breadcrumb"},"inLanguage":"pt-BR","potentialAction":[{"@type":"ReadAction","target":["https:\/\/sanguefrioproducoes.com\/wordpress\/contato\/"]}]},{"@type":"BreadcrumbList","@id":"https:\/\/sanguefrioproducoes.com\/wordpress\/contato\/#breadcrumb","itemListElement":[{"@type":"ListItem","position":1,"name":"Home","item":"https:\/\/sanguefrioproducoes.com\/wordpress\/"},{"@type":"ListItem","position":2,"name":"Contato"}]},{"@type":"WebSite","@id":"https:\/\/sanguefrioproducoes.com\/wordpress\/#website","url":"https:\/\/sanguefrioproducoes.com\/wordpress\/","name":"Sangue Frio Produ\u00e7\u00f5es","description":"Empresa de marketing, assessoria de imprensa e rela\u00e7\u00f5es p\u00fablicas","publisher":{"@id":"https:\/\/sanguefrioproducoes.com\/wordpress\/#organization"},"potentialAction":[{"@type":"SearchAction","target":{"@type":"EntryPoint","urlTemplate":"https:\/\/sanguefrioproducoes.com\/wordpress\/?s={search_term_string}"},"query-input":{"@type":"PropertyValueSpecification","valueRequired":true,"valueName":"search_term_string"}}],"inLanguage":"pt-BR"},{"@type":"Organization","@id":"https:\/\/sanguefrioproducoes.com\/wordpress\/#organization","name":"Sangue Frio Produ\u00e7\u00f5es","url":"https:\/\/sanguefrioproducoes.com\/wordpress\/","logo":{"@type":"ImageObject","inLanguage":"pt-BR","@id":"https:\/\/sanguefrioproducoes.com\/wordpress\/#\/schema\/logo\/image\/","url":"https:\/\/sanguefrioproducoes.com\/wordpress\/wp-content\/uploads\/2019\/12\/SANGUE_FRIO_PRODUCOES_Logo_Preto_Sem_Fundo.png","contentUrl":"https:\/\/sanguefrioproducoes.com\/wordpress\/wp-content\/uploads\/2019\/12\/SANGUE_FRIO_PRODUCOES_Logo_Preto_Sem_Fundo.png","width":2096,"height":552,"caption":"Sangue Frio Produ\u00e7\u00f5es"},"image":{"@id":"https:\/\/sanguefrioproducoes.com\/wordpress\/#\/schema\/logo\/image\/"}}]}},"jetpack_sharing_enabled":true,"jetpack_likes_enabled":false,"_links":{"self":[{"href":"https:\/\/sanguefrioproducoes.com\/wordpress\/wp-json\/wp\/v2\/pages\/8"}],"collection":[{"href":"https:\/\/sanguefrioproducoes.com\/wordpress\/wp-json\/wp\/v2\/pages"}],"about":[{"href":"https:\/\/sanguefrioproducoes.com\/wordpress\/wp-json\/wp\/v2\/types\/page"}],"author":[{"embeddable":true,"href":"https:\/\/sanguefrioproducoes.com\/wordpress\/wp-json\/wp\/v2\/users\/1"}],"replies":[{"embeddable":true,"href":"https:\/\/sanguefrioproducoes.com\/wordpress\/wp-json\/wp\/v2\/comments?post=8"}],"version-history":[{"count":6,"href":"https:\/\/sanguefrioproducoes.com\/wordpress\/wp-json\/wp\/v2\/pages\/8\/revisions"}],"predecessor-version":[{"id":474,"href":"https:\/\/sanguefrioproducoes.com\/wordpress\/wp-json\/wp\/v2\/pages\/8\/revisions\/474"}],"wp:attachment":[{"href":"https:\/\/sanguefrioproducoes.com\/wordpress\/wp-json\/wp\/v2\/media?parent=8"}],"curies":[{"name":"wp","href":"https:\/\/api.w.org\/{rel}","templated":true}]}}