{"id":7,"date":"2019-12-17T09:01:46","date_gmt":"2019-12-17T12:01:46","guid":{"rendered":"http:\/\/sanguefrioproducoes.com\/wordpress\/?page_id=7"},"modified":"2020-02-19T16:57:55","modified_gmt":"2020-02-19T19:57:55","slug":"quem-somos","status":"publish","type":"page","link":"https:\/\/sanguefrioproducoes.com\/wordpress\/quem-somos\/","title":{"rendered":"Quem Somos"},"content":{"rendered":"\r\n<p><strong>UM POUCO SOBRE N\u00d3S:<\/strong><\/p>\r\n<p>\u00a0A Sangue Frio Produ\u00e7\u00f5es surgiu no ano de 2013, visando apresentar um trabalho honesto, verdadeiro e acima de tudo profissional a seus clientes. Tendo vista \u00e0 dificuldade de se atuar no cen\u00e1rio musical atual \u00e0 empresa traz at\u00e9 seus clientes um trabalho diferenciado, at\u00e9 ent\u00e3o somente vista em grandes corpora\u00e7\u00f5es norte americanas e europeias. Apostando no comprometimento a exercer um trabalho amplo a todos os seus clientes a empresa buscou conhecimento e profissionaliza\u00e7\u00e3o para oferecer um vasto campo de possibilidades de crescimento, onde n\u00e3o se limita a apenas um modo de trabalho, mas sim a diferentes e necess\u00e1rios servi\u00e7os.<\/p>\r\n<p>\u00a0Espelhado nas grandes empresas relacionadas ao estilo Heavy Metal e suas vertentes, a Sangue Frio Produ\u00e7\u00f5es implantou no Brasil o\u00a0<em>\u201cGERENCIAMENTO DE BANDAS\u201d<\/em>\u00a0ou\u00a0<em>\u201cBAND MANAGEMENT\u201d<\/em>\u00a0como \u00e9 conhecido no exterior. Com uma ampla divulga\u00e7\u00e3o que n\u00e3o se limita a apenas o Brasil, nossa empresa hoje tem a autonomia de colocar em vista mundial o trabalho exercido pelos seus clientes.<\/p>\r\n<p>&nbsp;<\/p>\r\n<p><strong>\u00a0PIONEIRISMO E EXCEL\u00caNCIA:<\/strong><\/p>\r\n<p><br \/>\u00a0N\u00e3o demorou muito para o trabalho da Sangue Frio Produ\u00e7\u00f5es ser reconhecido no pa\u00eds inteiro, conquistando admira\u00e7\u00e3o de grandes nomes do cen\u00e1rio nacional e internacional, sendo como uma das primeiras empresas a exercer\u00a0ESSE ESTILO DE TRABALHO DENTRO DO UNDERGROUND e conseguir resultados incr\u00edveis.<\/p>\r\n<p>&nbsp;<\/p>\r\n<p><strong>UM TRABALHO DIRECIONADO:<\/strong><\/p>\r\n<p><br \/>\u00a0Uma das metas da Sangue Frio Produ\u00e7\u00f5es \u00e9 zelar pela QUALIDADE do trabalho e n\u00e3o quantidade, colocando dentro da empresa algumas limita\u00e7\u00f5es, para que assim o trabalho seja exercido com o maior profissionalismo e ent\u00e3o\u00a0conseguir oferecer o que realmente se promete.<\/p>\r\n<p>&nbsp;<\/p>\r\n<p><strong>MISS\u00c3O, VALORES E PRINC\u00cdPIOS:<\/strong><\/p>\r\n<p><br \/>\u00a0Com a miss\u00e3o de realmente cumprir com o que se oferta a seus clientes, a Sangue Frio Produ\u00e7\u00f5es hoje comporta in\u00fameros tipos de servi\u00e7os a um pre\u00e7o acess\u00edvel, mantendo sua \u00e9tica e seus princ\u00edpios intactos.<\/p>\r\n<p>&nbsp;<\/p>\r\n<p><strong>SERVI\u00c7OS DISPON\u00cdVEIS:<\/strong><\/p>\r\n<p><br \/>\u00a0A empresa hoje disp\u00f5e dos seguintes servi\u00e7os:<\/p>\r\n<p>&#8211; Assessoria de imprensa;<\/p>\r\n<p>&#8211; Divulga\u00e7\u00e3o em massa;<\/p>\r\n<p>&#8211; Marketing e rela\u00e7\u00f5es p\u00fablicas;<\/p>\r\n<p>&#8211; Manuten\u00e7\u00e3o de agenda e vendas de shows;<\/p>\r\n<p>&#8211; YouTube Channel monetizado (lucros s\u00e3o revertidos em materiais para as bandas);<\/p>\r\n<p>&#8211; Selo Sangue Frio Records (suporte no lan\u00e7amento do material F\u00cdSICO E DIGITAL) &#8211; Saiba mais\u00a0<a href=\"https:\/\/www.sanguefrioproducoes.com\/clientes-corporativos\/SANGUE+FRIO+RECORDS\/24\" target=\"_blank\" rel=\"noopener noreferrer\">CLICANDO AQUI<\/a>;<\/p>\r\n<p>&#8211; Loja Sangue Frio Produ\u00e7\u00f5es (loja da empresa disponibilizada GRATUITAMENTE para venda de qualquer material da banda);<\/p>\r\n<p>&#8211; Programa Sangue Frio Produ\u00e7\u00f5es (participa\u00e7\u00e3o direta no programa da empresa, com m\u00fasicas, entrevistas e news, que rolam em tr\u00eas web r\u00e1dios no Brasil: R\u00e1dio Exmera, Metal Militia Web R\u00e1dio e Infernal R\u00e1dio);<\/p>\r\n<p>Quer conhecer mais sobre nossos servi\u00e7os? Acesse\u00a0<a href=\"https:\/\/www.sanguefrioproducoes.com\/contato\">www.sanguefrioproducoes.com\/contato<\/a>\u00a0ou nos envie um e-mail para\u00a0<a href=\"mailto:contato@sanguefrioproducoes.com\">contato@sanguefrioproducoes.com<\/a>\u00a0e teremos o prazer e enviar nossa metodologia de trabalho.<\/p>\r\n<p>Obrigado.<br \/>Patrick Rafael de Souza<\/p>\r\n<p>&nbsp;<\/p>\r\n<p><strong>|\u00a0<a href=\"https:\/\/www.facebook.com\/SangueFrioProducoes\" target=\"_blank\" rel=\"noopener noreferrer\">Facebook<\/a>\u00a0|\u00a0<a href=\"https:\/\/www.youtube.com\/channel\/UCe5-EQJjGdG_qZHHDXHxxBQ\" target=\"_blank\" rel=\"noopener noreferrer\">YouTube Channel<\/a>\u00a0|\u00a0<a href=\"https:\/\/twitter.com\/SangueFrioProd\" target=\"_blank\" rel=\"noopener noreferrer\">Twitter<\/a>\u00a0|\u00a0<a href=\"https:\/\/plus.google.com\/u\/0\/107934101249635817816\" target=\"_blank\" rel=\"noopener noreferrer\">Google+<\/a>\u00a0|\u00a0<a href=\"https:\/\/www.mixcloud.com\/SangueFrioProducoes\/\" target=\"_blank\" rel=\"noopener noreferrer\">Mixcloud<\/a>\u00a0|\u00a0<a href=\"https:\/\/soundcloud.com\/sangue-frio-produ-es\" target=\"_blank\" rel=\"noopener noreferrer\">SoundCloud<\/a>\u00a0|\u00a0<a href=\"https:\/\/br.pinterest.com\/sanguefrioprodu\/\" target=\"_blank\" rel=\"noopener noreferrer\">Printerest<\/a>\u00a0|\u00a0<a href=\"http:\/\/sanguefrioproducoes.tumblr.com\/\" target=\"_blank\" rel=\"noopener noreferrer\">Tumblr<\/a>\u00a0|\u00a0<a href=\"https:\/\/www.sanguefrioproducoes.com\/contato\">Contato<\/a>\u00a0|<br \/>Skype:\u00a0sanguefrioproducoes<br \/>WhatsApp:\u00a046988387204<\/strong><\/p>\r\n<p><strong>Email:\u00a0contato@sanguefrioproducoes.com<\/strong><\/p>\r\n<p><strong>Telefone: (46) 98838-7204 (Claro)<\/strong><\/p>\r\n<p>&nbsp;<\/p>\r\n<p><strong>Mantenham Contato!<br \/>Sangue Frio Produ\u00e7\u00f5es<br \/><\/strong><\/p>\r\n<p><img decoding=\"async\" src=\"https:\/\/www.sanguefrioproducoes.com\/imgs\/sangue-frio-logo.png\" alt=\"\" width=\"517\" height=\"146\" \/><\/p>\r\n","protected":false},"excerpt":{"rendered":"<p>UM POUCO SOBRE N\u00d3S: \u00a0A Sangue Frio Produ\u00e7\u00f5es surgiu no ano de 2013, visando apresentar um trabalho honesto, verdadeiro e acima de tudo profissional a seus clientes. Tendo vista \u00e0 dificuldade de se atuar no cen\u00e1rio musical atual \u00e0 empresa traz at\u00e9 seus clientes um trabalho diferenciado, at\u00e9 ent\u00e3o somente vista em grandes corpora\u00e7\u00f5es norte [&hellip;]<\/p>\n","protected":false},"author":1,"featured_media":0,"parent":0,"menu_order":0,"comment_status":"closed","ping_status":"closed","template":"","meta":{"footnotes":""},"class_list":["post-7","page","type-page","status-publish","hentry"],"yoast_head":"<!-- This site is optimized with the Yoast SEO plugin v23.7 - https:\/\/yoast.com\/wordpress\/plugins\/seo\/ -->\n<title>Quem Somos - Sangue Frio Produ\u00e7\u00f5es<\/title>\n<meta name=\"robots\" content=\"index, follow, max-snippet:-1, max-image-preview:large, max-video-preview:-1\" \/>\n<link rel=\"canonical\" href=\"https:\/\/sanguefrioproducoes.com\/wordpress\/quem-somos\/\" \/>\n<meta property=\"og:locale\" content=\"pt_BR\" \/>\n<meta property=\"og:type\" content=\"article\" \/>\n<meta property=\"og:title\" content=\"Quem Somos - Sangue Frio Produ\u00e7\u00f5es\" \/>\n<meta property=\"og:description\" content=\"UM POUCO SOBRE N\u00d3S: \u00a0A Sangue Frio Produ\u00e7\u00f5es surgiu no ano de 2013, visando apresentar um trabalho honesto, verdadeiro e acima de tudo profissional a seus clientes. Tendo vista \u00e0 dificuldade de se atuar no cen\u00e1rio musical atual \u00e0 empresa traz at\u00e9 seus clientes um trabalho diferenciado, at\u00e9 ent\u00e3o somente vista em grandes corpora\u00e7\u00f5es norte [&hellip;]\" \/>\n<meta property=\"og:url\" content=\"https:\/\/sanguefrioproducoes.com\/wordpress\/quem-somos\/\" \/>\n<meta property=\"og:site_name\" content=\"Sangue Frio Produ\u00e7\u00f5es\" \/>\n<meta property=\"article:modified_time\" content=\"2020-02-19T19:57:55+00:00\" \/>\n<meta property=\"og:image\" content=\"https:\/\/www.sanguefrioproducoes.com\/imgs\/sangue-frio-logo.png\" \/>\n<meta name=\"twitter:card\" content=\"summary_large_image\" \/>\n<meta name=\"twitter:label1\" content=\"Est. tempo de leitura\" \/>\n\t<meta name=\"twitter:data1\" content=\"3 minutos\" \/>\n<script type=\"application\/ld+json\" class=\"yoast-schema-graph\">{\"@context\":\"https:\/\/schema.org\",\"@graph\":[{\"@type\":\"WebPage\",\"@id\":\"https:\/\/sanguefrioproducoes.com\/wordpress\/quem-somos\/\",\"url\":\"https:\/\/sanguefrioproducoes.com\/wordpress\/quem-somos\/\",\"name\":\"Quem Somos - Sangue Frio Produ\u00e7\u00f5es\",\"isPartOf\":{\"@id\":\"https:\/\/sanguefrioproducoes.com\/wordpress\/#website\"},\"primaryImageOfPage\":{\"@id\":\"https:\/\/sanguefrioproducoes.com\/wordpress\/quem-somos\/#primaryimage\"},\"image\":{\"@id\":\"https:\/\/sanguefrioproducoes.com\/wordpress\/quem-somos\/#primaryimage\"},\"thumbnailUrl\":\"https:\/\/www.sanguefrioproducoes.com\/imgs\/sangue-frio-logo.png\",\"datePublished\":\"2019-12-17T12:01:46+00:00\",\"dateModified\":\"2020-02-19T19:57:55+00:00\",\"breadcrumb\":{\"@id\":\"https:\/\/sanguefrioproducoes.com\/wordpress\/quem-somos\/#breadcrumb\"},\"inLanguage\":\"pt-BR\",\"potentialAction\":[{\"@type\":\"ReadAction\",\"target\":[\"https:\/\/sanguefrioproducoes.com\/wordpress\/quem-somos\/\"]}]},{\"@type\":\"ImageObject\",\"inLanguage\":\"pt-BR\",\"@id\":\"https:\/\/sanguefrioproducoes.com\/wordpress\/quem-somos\/#primaryimage\",\"url\":\"https:\/\/www.sanguefrioproducoes.com\/imgs\/sangue-frio-logo.png\",\"contentUrl\":\"https:\/\/www.sanguefrioproducoes.com\/imgs\/sangue-frio-logo.png\"},{\"@type\":\"BreadcrumbList\",\"@id\":\"https:\/\/sanguefrioproducoes.com\/wordpress\/quem-somos\/#breadcrumb\",\"itemListElement\":[{\"@type\":\"ListItem\",\"position\":1,\"name\":\"Home\",\"item\":\"https:\/\/sanguefrioproducoes.com\/wordpress\/\"},{\"@type\":\"ListItem\",\"position\":2,\"name\":\"Quem Somos\"}]},{\"@type\":\"WebSite\",\"@id\":\"https:\/\/sanguefrioproducoes.com\/wordpress\/#website\",\"url\":\"https:\/\/sanguefrioproducoes.com\/wordpress\/\",\"name\":\"Sangue Frio Produ\u00e7\u00f5es\",\"description\":\"Empresa de marketing, assessoria de imprensa e rela\u00e7\u00f5es p\u00fablicas\",\"publisher\":{\"@id\":\"https:\/\/sanguefrioproducoes.com\/wordpress\/#organization\"},\"potentialAction\":[{\"@type\":\"SearchAction\",\"target\":{\"@type\":\"EntryPoint\",\"urlTemplate\":\"https:\/\/sanguefrioproducoes.com\/wordpress\/?s={search_term_string}\"},\"query-input\":{\"@type\":\"PropertyValueSpecification\",\"valueRequired\":true,\"valueName\":\"search_term_string\"}}],\"inLanguage\":\"pt-BR\"},{\"@type\":\"Organization\",\"@id\":\"https:\/\/sanguefrioproducoes.com\/wordpress\/#organization\",\"name\":\"Sangue Frio Produ\u00e7\u00f5es\",\"url\":\"https:\/\/sanguefrioproducoes.com\/wordpress\/\",\"logo\":{\"@type\":\"ImageObject\",\"inLanguage\":\"pt-BR\",\"@id\":\"https:\/\/sanguefrioproducoes.com\/wordpress\/#\/schema\/logo\/image\/\",\"url\":\"https:\/\/sanguefrioproducoes.com\/wordpress\/wp-content\/uploads\/2019\/12\/SANGUE_FRIO_PRODUCOES_Logo_Preto_Sem_Fundo.png\",\"contentUrl\":\"https:\/\/sanguefrioproducoes.com\/wordpress\/wp-content\/uploads\/2019\/12\/SANGUE_FRIO_PRODUCOES_Logo_Preto_Sem_Fundo.png\",\"width\":2096,\"height\":552,\"caption\":\"Sangue Frio Produ\u00e7\u00f5es\"},\"image\":{\"@id\":\"https:\/\/sanguefrioproducoes.com\/wordpress\/#\/schema\/logo\/image\/\"}}]}<\/script>\n<!-- \/ Yoast SEO plugin. -->","yoast_head_json":{"title":"Quem Somos - Sangue Frio Produ\u00e7\u00f5es","robots":{"index":"index","follow":"follow","max-snippet":"max-snippet:-1","max-image-preview":"max-image-preview:large","max-video-preview":"max-video-preview:-1"},"canonical":"https:\/\/sanguefrioproducoes.com\/wordpress\/quem-somos\/","og_locale":"pt_BR","og_type":"article","og_title":"Quem Somos - Sangue Frio Produ\u00e7\u00f5es","og_description":"UM POUCO SOBRE N\u00d3S: \u00a0A Sangue Frio Produ\u00e7\u00f5es surgiu no ano de 2013, visando apresentar um trabalho honesto, verdadeiro e acima de tudo profissional a seus clientes. Tendo vista \u00e0 dificuldade de se atuar no cen\u00e1rio musical atual \u00e0 empresa traz at\u00e9 seus clientes um trabalho diferenciado, at\u00e9 ent\u00e3o somente vista em grandes corpora\u00e7\u00f5es norte [&hellip;]","og_url":"https:\/\/sanguefrioproducoes.com\/wordpress\/quem-somos\/","og_site_name":"Sangue Frio Produ\u00e7\u00f5es","article_modified_time":"2020-02-19T19:57:55+00:00","og_image":[{"url":"https:\/\/www.sanguefrioproducoes.com\/imgs\/sangue-frio-logo.png"}],"twitter_card":"summary_large_image","twitter_misc":{"Est. tempo de leitura":"3 minutos"},"schema":{"@context":"https:\/\/schema.org","@graph":[{"@type":"WebPage","@id":"https:\/\/sanguefrioproducoes.com\/wordpress\/quem-somos\/","url":"https:\/\/sanguefrioproducoes.com\/wordpress\/quem-somos\/","name":"Quem Somos - Sangue Frio Produ\u00e7\u00f5es","isPartOf":{"@id":"https:\/\/sanguefrioproducoes.com\/wordpress\/#website"},"primaryImageOfPage":{"@id":"https:\/\/sanguefrioproducoes.com\/wordpress\/quem-somos\/#primaryimage"},"image":{"@id":"https:\/\/sanguefrioproducoes.com\/wordpress\/quem-somos\/#primaryimage"},"thumbnailUrl":"https:\/\/www.sanguefrioproducoes.com\/imgs\/sangue-frio-logo.png","datePublished":"2019-12-17T12:01:46+00:00","dateModified":"2020-02-19T19:57:55+00:00","breadcrumb":{"@id":"https:\/\/sanguefrioproducoes.com\/wordpress\/quem-somos\/#breadcrumb"},"inLanguage":"pt-BR","potentialAction":[{"@type":"ReadAction","target":["https:\/\/sanguefrioproducoes.com\/wordpress\/quem-somos\/"]}]},{"@type":"ImageObject","inLanguage":"pt-BR","@id":"https:\/\/sanguefrioproducoes.com\/wordpress\/quem-somos\/#primaryimage","url":"https:\/\/www.sanguefrioproducoes.com\/imgs\/sangue-frio-logo.png","contentUrl":"https:\/\/www.sanguefrioproducoes.com\/imgs\/sangue-frio-logo.png"},{"@type":"BreadcrumbList","@id":"https:\/\/sanguefrioproducoes.com\/wordpress\/quem-somos\/#breadcrumb","itemListElement":[{"@type":"ListItem","position":1,"name":"Home","item":"https:\/\/sanguefrioproducoes.com\/wordpress\/"},{"@type":"ListItem","position":2,"name":"Quem Somos"}]},{"@type":"WebSite","@id":"https:\/\/sanguefrioproducoes.com\/wordpress\/#website","url":"https:\/\/sanguefrioproducoes.com\/wordpress\/","name":"Sangue Frio Produ\u00e7\u00f5es","description":"Empresa de marketing, assessoria de imprensa e rela\u00e7\u00f5es p\u00fablicas","publisher":{"@id":"https:\/\/sanguefrioproducoes.com\/wordpress\/#organization"},"potentialAction":[{"@type":"SearchAction","target":{"@type":"EntryPoint","urlTemplate":"https:\/\/sanguefrioproducoes.com\/wordpress\/?s={search_term_string}"},"query-input":{"@type":"PropertyValueSpecification","valueRequired":true,"valueName":"search_term_string"}}],"inLanguage":"pt-BR"},{"@type":"Organization","@id":"https:\/\/sanguefrioproducoes.com\/wordpress\/#organization","name":"Sangue Frio Produ\u00e7\u00f5es","url":"https:\/\/sanguefrioproducoes.com\/wordpress\/","logo":{"@type":"ImageObject","inLanguage":"pt-BR","@id":"https:\/\/sanguefrioproducoes.com\/wordpress\/#\/schema\/logo\/image\/","url":"https:\/\/sanguefrioproducoes.com\/wordpress\/wp-content\/uploads\/2019\/12\/SANGUE_FRIO_PRODUCOES_Logo_Preto_Sem_Fundo.png","contentUrl":"https:\/\/sanguefrioproducoes.com\/wordpress\/wp-content\/uploads\/2019\/12\/SANGUE_FRIO_PRODUCOES_Logo_Preto_Sem_Fundo.png","width":2096,"height":552,"caption":"Sangue Frio Produ\u00e7\u00f5es"},"image":{"@id":"https:\/\/sanguefrioproducoes.com\/wordpress\/#\/schema\/logo\/image\/"}}]}},"jetpack_sharing_enabled":true,"jetpack_likes_enabled":false,"_links":{"self":[{"href":"https:\/\/sanguefrioproducoes.com\/wordpress\/wp-json\/wp\/v2\/pages\/7"}],"collection":[{"href":"https:\/\/sanguefrioproducoes.com\/wordpress\/wp-json\/wp\/v2\/pages"}],"about":[{"href":"https:\/\/sanguefrioproducoes.com\/wordpress\/wp-json\/wp\/v2\/types\/page"}],"author":[{"embeddable":true,"href":"https:\/\/sanguefrioproducoes.com\/wordpress\/wp-json\/wp\/v2\/users\/1"}],"replies":[{"embeddable":true,"href":"https:\/\/sanguefrioproducoes.com\/wordpress\/wp-json\/wp\/v2\/comments?post=7"}],"version-history":[{"count":-3,"href":"https:\/\/sanguefrioproducoes.com\/wordpress\/wp-json\/wp\/v2\/pages\/7\/revisions"}],"wp:attachment":[{"href":"https:\/\/sanguefrioproducoes.com\/wordpress\/wp-json\/wp\/v2\/media?parent=7"}],"curies":[{"name":"wp","href":"https:\/\/api.w.org\/{rel}","templated":true}]}}